{"id":1303,"date":"2025-01-20T09:24:59","date_gmt":"2025-01-20T08:24:59","guid":{"rendered":"https:\/\/preview.urbamonde.org\/?page_id=1303"},"modified":"2025-10-16T14:50:37","modified_gmt":"2025-10-16T12:50:37","slug":"urbamonde-in-the-media","status":"publish","type":"page","link":"https:\/\/urbamonde.org\/en\/urbamonde-in-the-media\/","title":{"rendered":"UrbaMonde in the media"},"content":{"rendered":"<div data-elementor-type=\"wp-page\" data-elementor-id=\"1303\" class=\"elementor elementor-1303\" data-elementor-post-type=\"page\">\n\t\t\t\t<div class=\"elementor-element elementor-element-6f707bb e-flex e-con-boxed e-con e-parent\" data-id=\"6f707bb\" data-element_type=\"container\" data-e-type=\"container\" data-settings=\"{&quot;background_background&quot;:&quot;classic&quot;}\">\n\t\t\t\t\t<div class=\"e-con-inner\">\n\t\t\t\t\t<\/div>\n\t\t\t\t<\/div>\n\t\t<div class=\"elementor-element elementor-element-c02214c e-flex e-con-boxed e-con e-parent\" data-id=\"c02214c\" data-element_type=\"container\" data-e-type=\"container\">\n\t\t\t\t\t<div class=\"e-con-inner\">\n\t\t\t\t<div class=\"elementor-element elementor-element-b0204b4 elementor-widget elementor-widget-heading\" data-id=\"b0204b4\" data-element_type=\"widget\" data-e-type=\"widget\" data-widget_type=\"heading.default\">\n\t\t\t\t<div class=\"elementor-widget-container\">\n\t\t\t\t\t<h2 class=\"elementor-heading-title elementor-size-default\">Press review<\/h2>\t\t\t\t<\/div>\n\t\t\t\t<\/div>\n\t\t\t\t<div class=\"elementor-element elementor-element-25d658b elementor-widget elementor-widget-text-editor\" data-id=\"25d658b\" data-element_type=\"widget\" data-e-type=\"widget\" data-widget_type=\"text-editor.default\">\n\t\t\t\t<div class=\"elementor-widget-container\">\n\t\t\t\t\t\t\t\t\t<p>03.2025 \u2013\u00a0<strong>Housing Finance International<\/strong>\u00a0\u2013\u00a0<a class=\"spip_in\" href=\"https:\/\/preview.urbamonde.org\/wp-content\/uploads\/2025\/01\/IUHF-journal-Spring-2025_Hinschberger-article.pdf\" type=\"application\/pdf\">Community finance and savings systems\u00a0: innovative and inclusive tools for addressing the housing needs of the urban poor<\/a>\u00a0(p.26)<br class=\"autobr\" \/>04.03.2025 \u2013\u00a0<strong>L\u00e9man Bleu<\/strong>\u00a0\u2013 Esprit Solidaire (<a class=\"spip_out\" href=\"https:\/\/www.fgc.ch\/la-une\/promouvoir-le-logement-participatif-par-et-avec-les-habitantes-en-asie\" target=\"_blank\" rel=\"noopener noreferrer external\">site F\u00e9d\u00e9ration Genevoise de Coop\u00e9ration<\/a>)<br class=\"autobr\" \/>03.03.2025 \u2013\u00a0<strong>Contraste<\/strong>\u00a0\u2013\u00a0<a class=\"spip_in\" href=\"https:\/\/preview.urbamonde.org\/wp-content\/uploads\/2025\/01\/2025_03_Contraste.org_Nr.-486-p4.pdf\" type=\"application\/pdf\">Vom Mietsh\u00e4user Syndikat zum globalen Netzwerk<\/a>\u00a0(p. 4)<\/p><p>28.11.2024 \u2013\u00a0<strong>infos Bernex<\/strong>\u00a0\u2013\u00a0<a class=\"spip_in\" href=\"https:\/\/preview.urbamonde.org\/wp-content\/uploads\/2025\/01\/2024.12-Un-logement-abordable-pour-les-habitants-et-habitantes-des-banlieues-de-Dakar_JournalDeBernexinfosb-dec-2024-bdef.pdf\" type=\"application\/pdf\">Un habitat abordable pour les habitants et habitantes des banlieues de Dakar<\/a>\u00a0(p. 19)<br class=\"autobr\" \/>31.10.2024 \u2013\u00a0<strong>African Cities Magazine<\/strong>\u00a0\u2013\u00a0<a class=\"spip_in\" href=\"https:\/\/preview.urbamonde.org\/wp-content\/uploads\/2025\/01\/ain-magazine-edition_5-francais_20241031_article_fonds_rotatif.pdf\" type=\"application\/pdf\">Le fonds rotatif\u00a0: un outil communautaire de cofinancement pour le d\u00e9veloppement des villes<\/a>\u00a0(<a class=\"spip_in\" href=\"https:\/\/urbamonde.org\/IMG\/pdf\/ain-magazine-edition_5-english_20241031_article_fonds_rotatif.pdf\" type=\"application\/pdf\">English<\/a>)<br class=\"autobr\" \/>31.10.2024 \u2013\u00a0<strong>African Cities Magazine<\/strong>\u00a0\u2013\u00a0<a class=\"spip_in\" href=\"https:\/\/preview.urbamonde.org\/wp-content\/uploads\/2025\/01\/ain-magazine-edition_5-francais_20241031_article_confederation_habitants.pdf\" type=\"application\/pdf\">Une conf\u00e9d\u00e9ration d\u2019habitants pour renforcer le pouvoir d\u2019agir dans les quartiers vuln\u00e9rables en Afrique de l\u2019Ouest\u00a0: pour le droit au logement et \u00e0 un cadre de vie d\u00e9cent r\u00e9silient face au changement climatique<\/a>\u00a0(<a class=\"spip_in\" href=\"https:\/\/urbamonde.org\/IMG\/pdf\/ain-magazine-edition_5-english_20241031_article_confederation_habitants.pdf\" type=\"application\/pdf\">English<\/a>)<br class=\"autobr\" \/>15.10.2024 \u2013\u00a0<strong>Le Courrier<\/strong>\u00a0\u2013\u00a0<a class=\"spip_in\" href=\"https:\/\/preview.urbamonde.org\/wp-content\/uploads\/2025\/01\/2024.10.15-Le-Courrier-Lhabitat-participatif-decolle.pdf\" type=\"application\/pdf\">L\u2019habitat participatif d\u00e9colle<\/a><br class=\"autobr\" \/>16.09.2024 \u2013\u00a0<strong>Revue Habitation<\/strong>\u00a0\u2013\u00a0<a class=\"spip_in\" href=\"https:\/\/preview.urbamonde.org\/wp-content\/uploads\/2025\/01\/2024.09.16-Habitation-3-2024-Lhabitat-participatif-a-lassaut-du-monde.pdf\" type=\"application\/pdf\">L\u2019habitat participatif a\u0300 l\u2019assaut du monde<\/a><\/p><p>05.06.2023 &#8211;\u00a0<strong>Le Courrier<\/strong>\u00a0&#8211;\u00a0<a class=\"spip_in\" href=\"https:\/\/urbamonde.org\/IMG\/pdf\/le_courrier_-_05.06.23_-_nicaragua__l_habitat_au_coeur_du_changement_-_jorge_multipro.pdf\" type=\"application\/pdf\">Nicaragua\u00a0: l\u2019habitat au c\u0153ur du changement<\/a><br class=\"autobr\" \/>24.05.2023 &#8211;\u00a0<strong>Le Courrier<\/strong>\u00a0&#8211;\u00a0<a class=\"spip_in\" href=\"https:\/\/urbamonde.org\/IMG\/pdf\/le-courrier-24.06.23-aux-saules-tout-se-transforme.pdf\" type=\"application\/pdf\">Gen\u00e8ve\u00a0: Aux Saules, tout se transforme<\/a><\/p><p>21.03.2022 &#8211;\u00a0<strong>Moneta<\/strong>\u00a0&#8211;\u00a0<a class=\"spip_out\" href=\"https:\/\/www.moneta.ch\/des-villes-durables-par-et-pour-leurs-habitant-e-s\" target=\"_blank\" rel=\"noopener noreferrer external\">Des villes durables par et pour leurs habitant-e-s<\/a><\/p><p>31.10.2021 &#8211;\u00a0<strong>La T\u00e9l\u00e9<\/strong>\u00a0&#8211;\u00a0<a class=\"spip_out\" href=\"https:\/\/latele.ch\/emissions\/diversite\/diversite-s-2021-e-7\" target=\"_blank\" rel=\"noopener noreferrer external\">Ces m\u00e9thodes participatives qui inspirent<\/a><br class=\"autobr\" \/>06.04.2021 &#8211;\u00a0<strong>L\u00e9man Bleu<\/strong>\u00a0&#8211;\u00a0<a class=\"spip_out\" href=\"https:\/\/www.youtube.com\/watch?v=cuHKw4ZBV9s\" target=\"_blank\" rel=\"noopener noreferrer external\">Des coop\u00e9ratives d\u2019habitation solidaires<\/a><br class=\"autobr\" \/>22.03.2021 &#8211;\u00a0<strong>Le Courrier<\/strong>\u00a0&#8211;\u00a0<a class=\"spip_in\" href=\"https:\/\/urbamonde.org\/IMG\/pdf\/presse-reinventer-collectivement-l-habitat-le-courrier.pdf\" type=\"application\/pdf\">R\u00e9inventer collectivement l\u2019habitat<\/a><\/p><p>21.08.2020 &#8211;\u00a0<strong>ideas4development<\/strong>\u00a0&#8211;\u00a0<a class=\"spip_in\" href=\"https:\/\/urbamonde.org\/IMG\/pdf\/ideas4development-urban-citizens-funds-means-improve-housing-dakar.pdf\" type=\"application\/pdf\">Urban citizen funds, a means to improve housing in Dakar<\/a><br class=\"autobr\" \/>01.04.2020 &#8211;\u00a0<strong>D\u2019A<\/strong>\u00a0&#8211;\u00a0<a class=\"spip_out\" href=\"https:\/\/drive.google.com\/file\/d\/1dFbnvgdCot1yuFaqp1EZxwX6EIh5voVN\/view?usp=sharing\" target=\"_blank\" rel=\"noopener noreferrer external\">Le partenariat \u00ab\u00a0publics-habitants\u00a0\u00bb, une troisi\u00e8me voie<\/a>\u00a0(p. 79)<br class=\"autobr\" \/>01.01.2020 &#8211;\u00a0<strong>Afrique contemporaine<\/strong>\u00a0&#8211;\u00a0<a class=\"spip_out\" href=\"https:\/\/drive.google.com\/file\/d\/1QBuvPtdoSjeW8bpVCA65p6W_MSl2JvGc\/view?usp=sharing\" target=\"_blank\" rel=\"noopener noreferrer external\">Vers des projets d\u2019am\u00e9lioration de l\u2019habitat \u00e0 Dakar<\/a><\/p><p>01.10.2019 &#8211;\u00a0<strong>AdP-Villes en d\u00e9veloppement<\/strong>\u00a0&#8211;\u00a0<a class=\"spip_out\" href=\"https:\/\/drive.google.com\/file\/d\/1m7V18lM2PnTduYxkOJfieQjthKbSuuYa\/view?usp=sharing\" target=\"_blank\" rel=\"noopener noreferrer external\">La ville par le bas<\/a>\u00a0(p. 4)<br class=\"autobr\" \/>03.06.2019 &#8211;\u00a0<strong>L\u00e9man Bleu<\/strong>\u00a0&#8211;\u00a0<a class=\"spip_out\" href=\"https:\/\/www.lemanbleu.ch\/fr\/Emissions\/70024-Esprit-Solidaire.html\" target=\"_blank\" rel=\"noopener noreferrer external\">Portrait d\u2019urbaMonde<\/a><br class=\"autobr\" \/>09.02.2019 &#8211;\u00a0<strong>Le Dauphin\u00e9<\/strong>\u00a0&#8211;\u00a0<a class=\"spip_out\" href=\"https:\/\/drive.google.com\/file\/d\/1gz5JxZPMc5deRqHVf4d-bRmof8K5Fg6t\/view?usp=sharing\" target=\"_blank\" rel=\"noopener noreferrer external\">\u00ab\u00a0Si le projet correspond vraiment au groupe, c\u2019est gagn\u00e9\u00a0!\u00a0\u00bb<\/a><\/p><p>04.10.2018 &#8211;\u00a0<strong>Tribune de Gen\u00e8ve<\/strong>\u00a0&#8211;\u00a0<a class=\"spip_in\" href=\"https:\/\/urbamonde.org\/IMG\/pdf\/des_logements_moins_chers_plus_ecologiques___tribune_de_geneve-jpo_2018.pdf\" type=\"application\/pdf\">Des logements moins chers, plus \u00e9cologiques<\/a><br class=\"autobr\" \/>01.10.2018 &#8211;\u00a0<strong>Revue Urbanit\u00e9s<\/strong>\u00a0&#8211;\u00a0<a class=\"spip_out\" href=\"https:\/\/drive.google.com\/file\/d\/1ZHniA7vMWZL3N1vHACb6AZEWPJ6oTUOG\/view?usp=sharing\" target=\"_blank\" rel=\"noopener noreferrer external\">S\u00e9n\u00e9gal\u00a0: vers un urbanisme participatif et solidaire<\/a><br class=\"autobr\" \/>06.03.2018 &#8211;\u00a0<strong>Radio Magny\u00a0<\/strong>&#8211;\u00a0<a class=\"spip_out\" href=\"https:\/\/radiomagny.com\/podcast\/papotage-cooperative-dhabitants-asso-habicoop-urbanmonde-vice-president-annemasse\/\" target=\"_blank\" rel=\"noopener noreferrer external\">Papotage\u00a0: Coop\u00e9rative d\u2019habitants \u00e0 Annemasse<\/a><\/p><p>31.10.2016 &#8211;\u00a0<strong>Urban Commons Podcast<\/strong>\u00a0&#8211;\u00a0<a class=\"spip_out\" href=\"https:\/\/soundcloud.com\/user-370251127\/podcast-urban-commons-urba-monde-hiii\" target=\"_blank\" rel=\"noopener noreferrer external\">Urban Commons in the NUA\u00a0?<\/a><br class=\"autobr\" \/>24.10.2016 &#8211;\u00a0<strong>Global Policy Journal<\/strong>\u00a0&#8211;\u00a0<a class=\"spip_in\" href=\"https:\/\/urbamonde.org\/IMG\/pdf\/global-policy-journal-community-led-solutions-global-housing-crisis.pdf\" type=\"application\/pdf\">Community-led Solutions to a Global Housing Crisis<\/a><br class=\"autobr\" \/>25.02.2016 &#8211;\u00a0<strong>Tribune de Gen\u00e8ve<\/strong>\u00a0&#8211;\u00a0<a class=\"spip_in\" href=\"https:\/\/urbamonde.org\/IMG\/pdf\/urbamonde-tribune-de-geneve-fev2016.pdf\" type=\"application\/pdf\">S\u00e9n\u00e9gal\u00a0: Des \u00e9lus pistent l\u2019aide au Sud &#8211; Utile, la coop\u00e9ration\u00a0? Le bilan de quelques \u00e9lus<\/a><\/p><p>14.12.2015 &#8211;\u00a0<strong>Le Courrier<\/strong>\u00a0&#8211;\u00a0<a class=\"spip_in\" href=\"https:\/\/urbamonde.org\/IMG\/pdf\/urbamonde-le-courrier-dec2015.pdf\" type=\"application\/pdf\">La coop\u00e9rative d\u2019habitation change le monde<\/a><\/p><p>01.12.2014 &#8211;\u00a0<strong>Revue Habitation<\/strong>\u00a0&#8211;\u00a0<a class=\"spip_in\" href=\"https:\/\/urbamonde.org\/IMG\/pdf\/coope_ratives-urbamonde-revue-habitation-de_cembre-2014.pdf\" type=\"application\/pdf\">Les coope\u0301ratives a\u0300 l\u2019assaut du monde<\/a><br class=\"autobr\" \/>30.10.2014 &#8211;\u00a0<strong>Le Courrier<\/strong>\u00a0&#8211;\u00a0<a class=\"spip_in\" href=\"https:\/\/urbamonde.org\/IMG\/pdf\/urbamonde-le-courrier-oct2014.pdf\" type=\"application\/pdf\">Vers une ville b\u00e2tie par ses habitants &#8211; Sortir le logement du march\u00e9 sp\u00e9culatif<\/a><\/p>\t\t\t\t\t\t\t\t<\/div>\n\t\t\t\t<\/div>\n\t\t\t\t\t<\/div>\n\t\t\t\t<\/div>\n\t\t\t\t<\/div>","protected":false},"excerpt":{"rendered":"<p>Press review 03.2025 \u2013\u00a0Housing Finance International\u00a0\u2013\u00a0Community finance and savings systems\u00a0: innovative and inclusive tools for addressing the housing needs of the urban poor\u00a0(p.26)04.03.2025 \u2013\u00a0L\u00e9man Bleu\u00a0\u2013 Esprit Solidaire (site F\u00e9d\u00e9ration Genevoise de Coop\u00e9ration)03.03.2025 \u2013\u00a0Contraste\u00a0\u2013\u00a0Vom Mietsh\u00e4user Syndikat zum globalen Netzwerk\u00a0(p. 4) 28.11.2024 \u2013\u00a0infos Bernex\u00a0\u2013\u00a0Un habitat abordable pour les habitants et habitantes des banlieues de Dakar\u00a0(p. 19)31.10.2024 \u2013\u00a0African [&hellip;]<\/p>","protected":false},"author":5,"featured_media":0,"parent":0,"menu_order":0,"comment_status":"closed","ping_status":"closed","template":"elementor_header_footer","meta":{"footnotes":""},"class_list":["post-1303","page","type-page","status-publish","hentry"],"acf":[],"yoast_head":"<!-- This site is optimized with the Yoast SEO plugin v27.2 - https:\/\/yoast.com\/product\/yoast-seo-wordpress\/ -->\n<title>UrbaMonde in the media - urbaMonde<\/title>\n<meta name=\"robots\" content=\"index, follow, max-snippet:-1, max-image-preview:large, max-video-preview:-1\" \/>\n<link rel=\"canonical\" href=\"https:\/\/urbamonde.org\/en\/urbamonde-in-the-media\/\" \/>\n<meta property=\"og:locale\" content=\"en_US\" \/>\n<meta property=\"og:type\" content=\"article\" \/>\n<meta property=\"og:title\" content=\"UrbaMonde in the media - urbaMonde\" \/>\n<meta property=\"og:description\" content=\"Press review 03.2025 \u2013\u00a0Housing Finance International\u00a0\u2013\u00a0Community finance and savings systems\u00a0: innovative and inclusive tools for addressing the housing needs of the urban poor\u00a0(p.26)04.03.2025 \u2013\u00a0L\u00e9man Bleu\u00a0\u2013 Esprit Solidaire (site F\u00e9d\u00e9ration Genevoise de Coop\u00e9ration)03.03.2025 \u2013\u00a0Contraste\u00a0\u2013\u00a0Vom Mietsh\u00e4user Syndikat zum globalen Netzwerk\u00a0(p. 4) 28.11.2024 \u2013\u00a0infos Bernex\u00a0\u2013\u00a0Un habitat abordable pour les habitants et habitantes des banlieues de Dakar\u00a0(p. 19)31.10.2024 \u2013\u00a0African [&hellip;]\" \/>\n<meta property=\"og:url\" content=\"https:\/\/urbamonde.org\/en\/urbamonde-in-the-media\/\" \/>\n<meta property=\"og:site_name\" content=\"urbaMonde\" \/>\n<meta property=\"article:publisher\" content=\"https:\/\/www.facebook.com\/urbaMonde\/\" \/>\n<meta property=\"article:modified_time\" content=\"2025-10-16T12:50:37+00:00\" \/>\n<meta name=\"twitter:card\" content=\"summary_large_image\" \/>\n<meta name=\"twitter:label1\" content=\"Est. reading time\" \/>\n\t<meta name=\"twitter:data1\" content=\"2 minutes\" \/>\n<script type=\"application\/ld+json\" class=\"yoast-schema-graph\">{\"@context\":\"https:\/\/schema.org\",\"@graph\":[{\"@type\":\"WebPage\",\"@id\":\"https:\/\/urbamonde.org\/en\/urbamonde-in-the-media\/\",\"url\":\"https:\/\/urbamonde.org\/en\/urbamonde-in-the-media\/\",\"name\":\"UrbaMonde in the media - urbaMonde\",\"isPartOf\":{\"@id\":\"https:\/\/urbamonde.org\/en\/#website\"},\"datePublished\":\"2025-01-20T08:24:59+00:00\",\"dateModified\":\"2025-10-16T12:50:37+00:00\",\"breadcrumb\":{\"@id\":\"https:\/\/urbamonde.org\/en\/urbamonde-in-the-media\/#breadcrumb\"},\"inLanguage\":\"en-US\",\"potentialAction\":[{\"@type\":\"ReadAction\",\"target\":[\"https:\/\/urbamonde.org\/en\/urbamonde-in-the-media\/\"]}]},{\"@type\":\"BreadcrumbList\",\"@id\":\"https:\/\/urbamonde.org\/en\/urbamonde-in-the-media\/#breadcrumb\",\"itemListElement\":[{\"@type\":\"ListItem\",\"position\":1,\"name\":\"Accueil\",\"item\":\"https:\/\/urbamonde.org\/en\/\"},{\"@type\":\"ListItem\",\"position\":2,\"name\":\"UrbaMonde in the media\"}]},{\"@type\":\"WebSite\",\"@id\":\"https:\/\/urbamonde.org\/en\/#website\",\"url\":\"https:\/\/urbamonde.org\/en\/\",\"name\":\"urbaMonde\",\"description\":\"des villes durables par et pour les habitant\u00b7es\",\"publisher\":{\"@id\":\"https:\/\/urbamonde.org\/en\/#organization\"},\"potentialAction\":[{\"@type\":\"SearchAction\",\"target\":{\"@type\":\"EntryPoint\",\"urlTemplate\":\"https:\/\/urbamonde.org\/en\/?s={search_term_string}\"},\"query-input\":{\"@type\":\"PropertyValueSpecification\",\"valueRequired\":true,\"valueName\":\"search_term_string\"}}],\"inLanguage\":\"en-US\"},{\"@type\":\"Organization\",\"@id\":\"https:\/\/urbamonde.org\/en\/#organization\",\"name\":\"urbaMonde\",\"url\":\"https:\/\/urbamonde.org\/en\/\",\"logo\":{\"@type\":\"ImageObject\",\"inLanguage\":\"en-US\",\"@id\":\"https:\/\/urbamonde.org\/en\/#\/schema\/logo\/image\/\",\"url\":\"https:\/\/urbamonde.org\/wp-content\/uploads\/2024\/10\/logo-urbamonde-fr.png\",\"contentUrl\":\"https:\/\/urbamonde.org\/wp-content\/uploads\/2024\/10\/logo-urbamonde-fr.png\",\"width\":271,\"height\":65,\"caption\":\"urbaMonde\"},\"image\":{\"@id\":\"https:\/\/urbamonde.org\/en\/#\/schema\/logo\/image\/\"},\"sameAs\":[\"https:\/\/www.facebook.com\/urbaMonde\/\",\"https:\/\/www.linkedin.com\/company\/urbamonde\",\"https:\/\/www.instagram.com\/urba.monde\/\"]}]}<\/script>\n<!-- \/ Yoast SEO plugin. -->","yoast_head_json":{"title":"UrbaMonde in the media - urbaMonde","robots":{"index":"index","follow":"follow","max-snippet":"max-snippet:-1","max-image-preview":"max-image-preview:large","max-video-preview":"max-video-preview:-1"},"canonical":"https:\/\/urbamonde.org\/en\/urbamonde-in-the-media\/","og_locale":"en_US","og_type":"article","og_title":"UrbaMonde in the media - urbaMonde","og_description":"Press review 03.2025 \u2013\u00a0Housing Finance International\u00a0\u2013\u00a0Community finance and savings systems\u00a0: innovative and inclusive tools for addressing the housing needs of the urban poor\u00a0(p.26)04.03.2025 \u2013\u00a0L\u00e9man Bleu\u00a0\u2013 Esprit Solidaire (site F\u00e9d\u00e9ration Genevoise de Coop\u00e9ration)03.03.2025 \u2013\u00a0Contraste\u00a0\u2013\u00a0Vom Mietsh\u00e4user Syndikat zum globalen Netzwerk\u00a0(p. 4) 28.11.2024 \u2013\u00a0infos Bernex\u00a0\u2013\u00a0Un habitat abordable pour les habitants et habitantes des banlieues de Dakar\u00a0(p. 19)31.10.2024 \u2013\u00a0African [&hellip;]","og_url":"https:\/\/urbamonde.org\/en\/urbamonde-in-the-media\/","og_site_name":"urbaMonde","article_publisher":"https:\/\/www.facebook.com\/urbaMonde\/","article_modified_time":"2025-10-16T12:50:37+00:00","twitter_card":"summary_large_image","twitter_misc":{"Est. reading time":"2 minutes"},"schema":{"@context":"https:\/\/schema.org","@graph":[{"@type":"WebPage","@id":"https:\/\/urbamonde.org\/en\/urbamonde-in-the-media\/","url":"https:\/\/urbamonde.org\/en\/urbamonde-in-the-media\/","name":"UrbaMonde in the media - urbaMonde","isPartOf":{"@id":"https:\/\/urbamonde.org\/en\/#website"},"datePublished":"2025-01-20T08:24:59+00:00","dateModified":"2025-10-16T12:50:37+00:00","breadcrumb":{"@id":"https:\/\/urbamonde.org\/en\/urbamonde-in-the-media\/#breadcrumb"},"inLanguage":"en-US","potentialAction":[{"@type":"ReadAction","target":["https:\/\/urbamonde.org\/en\/urbamonde-in-the-media\/"]}]},{"@type":"BreadcrumbList","@id":"https:\/\/urbamonde.org\/en\/urbamonde-in-the-media\/#breadcrumb","itemListElement":[{"@type":"ListItem","position":1,"name":"Accueil","item":"https:\/\/urbamonde.org\/en\/"},{"@type":"ListItem","position":2,"name":"UrbaMonde in the media"}]},{"@type":"WebSite","@id":"https:\/\/urbamonde.org\/en\/#website","url":"https:\/\/urbamonde.org\/en\/","name":"urbaMonde","description":"des villes durables par et pour les habitant\u00b7es","publisher":{"@id":"https:\/\/urbamonde.org\/en\/#organization"},"potentialAction":[{"@type":"SearchAction","target":{"@type":"EntryPoint","urlTemplate":"https:\/\/urbamonde.org\/en\/?s={search_term_string}"},"query-input":{"@type":"PropertyValueSpecification","valueRequired":true,"valueName":"search_term_string"}}],"inLanguage":"en-US"},{"@type":"Organization","@id":"https:\/\/urbamonde.org\/en\/#organization","name":"urbaMonde","url":"https:\/\/urbamonde.org\/en\/","logo":{"@type":"ImageObject","inLanguage":"en-US","@id":"https:\/\/urbamonde.org\/en\/#\/schema\/logo\/image\/","url":"https:\/\/urbamonde.org\/wp-content\/uploads\/2024\/10\/logo-urbamonde-fr.png","contentUrl":"https:\/\/urbamonde.org\/wp-content\/uploads\/2024\/10\/logo-urbamonde-fr.png","width":271,"height":65,"caption":"urbaMonde"},"image":{"@id":"https:\/\/urbamonde.org\/en\/#\/schema\/logo\/image\/"},"sameAs":["https:\/\/www.facebook.com\/urbaMonde\/","https:\/\/www.linkedin.com\/company\/urbamonde","https:\/\/www.instagram.com\/urba.monde\/"]}]}},"_links":{"self":[{"href":"https:\/\/urbamonde.org\/en\/wp-json\/wp\/v2\/pages\/1303","targetHints":{"allow":["GET"]}}],"collection":[{"href":"https:\/\/urbamonde.org\/en\/wp-json\/wp\/v2\/pages"}],"about":[{"href":"https:\/\/urbamonde.org\/en\/wp-json\/wp\/v2\/types\/page"}],"author":[{"embeddable":true,"href":"https:\/\/urbamonde.org\/en\/wp-json\/wp\/v2\/users\/5"}],"replies":[{"embeddable":true,"href":"https:\/\/urbamonde.org\/en\/wp-json\/wp\/v2\/comments?post=1303"}],"version-history":[{"count":10,"href":"https:\/\/urbamonde.org\/en\/wp-json\/wp\/v2\/pages\/1303\/revisions"}],"predecessor-version":[{"id":4047,"href":"https:\/\/urbamonde.org\/en\/wp-json\/wp\/v2\/pages\/1303\/revisions\/4047"}],"wp:attachment":[{"href":"https:\/\/urbamonde.org\/en\/wp-json\/wp\/v2\/media?parent=1303"}],"curies":[{"name":"wp","href":"https:\/\/api.w.org\/{rel}","templated":true}]}}