{"id":4560,"date":"2025-12-11T14:20:11","date_gmt":"2025-12-11T13:20:11","guid":{"rendered":"https:\/\/urbamonde.org\/?page_id=4560"},"modified":"2025-12-11T14:08:39","modified_gmt":"2025-12-11T13:08:39","slug":"donate-to-urbamonde-switzerland","status":"publish","type":"page","link":"https:\/\/urbamonde.org\/en\/donate-to-urbamonde-switzerland\/","title":{"rendered":"Donate to urbaMonde Switzerland"},"content":{"rendered":"<div data-elementor-type=\"wp-page\" data-elementor-id=\"4560\" class=\"elementor elementor-4560\" data-elementor-post-type=\"page\">\n\t\t\t\t<div class=\"elementor-element elementor-element-b50197f e-flex e-con-boxed e-con e-parent\" data-id=\"b50197f\" data-element_type=\"container\" data-e-type=\"container\">\n\t\t\t\t\t<div class=\"e-con-inner\">\n\t\t<div class=\"elementor-element elementor-element-6ce9938 e-con-full e-flex e-con e-child\" data-id=\"6ce9938\" data-element_type=\"container\" data-e-type=\"container\">\n\t\t\t\t<div class=\"elementor-element elementor-element-d004281 elementor-widget elementor-widget-heading\" data-id=\"d004281\" data-element_type=\"widget\" data-e-type=\"widget\" data-widget_type=\"heading.default\">\n\t\t\t\t<div class=\"elementor-widget-container\">\n\t\t\t\t\t<h2 class=\"elementor-heading-title elementor-size-default\"><span style=\"font-size: 3.4rem\">At urbaMonde, we support the movement for sustainable community-led housing<span style=\"font-family: Outfit, sans-serif;font-size: 56px\"><\/span><\/h2>\t\t\t\t<\/div>\n\t\t\t\t<\/div>\n\t\t\t\t<div class=\"elementor-element elementor-element-a8c3242 elementor-widget elementor-widget-text-editor\" data-id=\"a8c3242\" data-element_type=\"widget\" data-e-type=\"widget\" data-widget_type=\"text-editor.default\">\n\t\t\t\t<div class=\"elementor-widget-container\">\n\t\t\t\t\t\t\t\t\t<p>Thanks to your donations, we can strengthen this movement through international cooperation and the sharing of experiences and resources. Thank you!<\/p>\t\t\t\t\t\t\t\t<\/div>\n\t\t\t\t<\/div>\n\t\t\t\t<\/div>\n\t\t\t\t\t<\/div>\n\t\t\t\t<\/div>\n\t\t<div class=\"elementor-element elementor-element-ed6f29b e-flex e-con-boxed e-con e-parent\" data-id=\"ed6f29b\" data-element_type=\"container\" data-e-type=\"container\">\n\t\t\t\t\t<div class=\"e-con-inner\">\n\t\t\t\t<div class=\"elementor-element elementor-element-4eb3fd5 elementor-widget elementor-widget-text-editor\" data-id=\"4eb3fd5\" data-element_type=\"widget\" data-e-type=\"widget\" data-widget_type=\"text-editor.default\">\n\t\t\t\t<div class=\"elementor-widget-container\">\n\t\t\t\t\t\t\t\t\t<div id=\"rnw-paylink-button\"><twint-donate-button solution-id=\"jhbxm\" solution-type=\"donate\" language=\"en\" size=\"large\" width=\"fixed\" color-scheme=\"dark\"><\/twint-donate-button><\/div>\n<p><script type=\"module\">\nimport {PaylinkButton} from \"https:\/\/donate.raisenow.io\/button.js\"\nPaylinkButton.render('#rnw-paylink-button', {'solution-id': \"jhbxm\", 'solution-type': \"donate\", language: \"en\", size: \"large\", width: \"fixed\", 'color-scheme': \"dark\"})\n<\/script><\/p>\n<p style=\"text-align: center;\"><strong>Secured donation by RaiseNow<\/strong><\/p>\n<p><a class=\"spip_out\" href=\"https:\/\/www.helloasso.com\/associations\/urbamonde\/formulaires\/1\/\" target=\"_blank\" rel=\"noopener noreferrer external\">Donate in EURO here<\/a><\/p>\n<table width=\"100%\">\n<tbody>\n<tr>\n<td valign=\"top\"><img decoding=\"async\" class=\"aligncenter wp-image-4533 size-thumbnail\" src=\"https:\/\/urbamonde.org\/wp-content\/uploads\/2025\/12\/QRcode-UM-CH-BVR-dons-150x150.png\" alt=\"\" width=\"150\" height=\"150\" srcset=\"https:\/\/urbamonde.org\/wp-content\/uploads\/2025\/12\/QRcode-UM-CH-BVR-dons-150x150.png 150w, https:\/\/urbamonde.org\/wp-content\/uploads\/2025\/12\/QRcode-UM-CH-BVR-dons-300x300.png 300w, https:\/\/urbamonde.org\/wp-content\/uploads\/2025\/12\/QRcode-UM-CH-BVR-dons-1024x1024.png 1024w, https:\/\/urbamonde.org\/wp-content\/uploads\/2025\/12\/QRcode-UM-CH-BVR-dons-768x768.png 768w, https:\/\/urbamonde.org\/wp-content\/uploads\/2025\/12\/QRcode-UM-CH-BVR-dons-12x12.png 12w, https:\/\/urbamonde.org\/wp-content\/uploads\/2025\/12\/QRcode-UM-CH-BVR-dons.png 1058w\" sizes=\"(max-width: 150px) 100vw, 150px\" \/><\/td>\n<td>\n<p><strong>IBAN<\/strong>: CH53 0900 0000 1245 0266 9<br><span style=\"font-size: 0.9em;\">PostFinance Ltd<br><\/span><span style=\"font-size: 0.9em;\">Mingerstrasse 20<br><\/span><span style=\"font-size: 0.9em;\">3030 Bern, Switzerland<\/span><\/p>\n<p><strong>BANK CODE (BIC\/SWIFT)<\/strong>: POFICHBEXXX<\/p>\n<\/td>\n<td valign=\"top\"><strong>urbaMonde Switzerland<\/strong><br>Varemb\u00e9 1<br>1202 Gen\u00e8ve, Switzerland<\/td>\n<\/tr>\n<\/tbody>\n<\/table>\t\t\t\t\t\t\t\t<\/div>\n\t\t\t\t<\/div>\n\t\t\t\t<div class=\"elementor-element elementor-element-57d5ffd elementor-widget elementor-widget-text-editor\" data-id=\"57d5ffd\" data-element_type=\"widget\" data-e-type=\"widget\" data-widget_type=\"text-editor.default\">\n\t\t\t\t<div class=\"elementor-widget-container\">\n\t\t\t\t\t\t\t\t\t<p><strong>Tax deduction<\/strong><br \/>Donations to urbaMonde Switzerland are accepted by the tax authorities and are deductible from your taxes. On request, we will send you a donation certificate for your tax return.<\/p>\t\t\t\t\t\t\t\t<\/div>\n\t\t\t\t<\/div>\n\t\t\t\t<div class=\"elementor-element elementor-element-f6cc694 elementor-widget elementor-widget-gallery\" data-id=\"f6cc694\" data-element_type=\"widget\" data-e-type=\"widget\" data-settings=\"{&quot;lazyload&quot;:&quot;yes&quot;,&quot;gallery_layout&quot;:&quot;grid&quot;,&quot;columns&quot;:4,&quot;columns_tablet&quot;:2,&quot;columns_mobile&quot;:1,&quot;gap&quot;:{&quot;unit&quot;:&quot;px&quot;,&quot;size&quot;:10,&quot;sizes&quot;:[]},&quot;gap_tablet&quot;:{&quot;unit&quot;:&quot;px&quot;,&quot;size&quot;:10,&quot;sizes&quot;:[]},&quot;gap_mobile&quot;:{&quot;unit&quot;:&quot;px&quot;,&quot;size&quot;:10,&quot;sizes&quot;:[]},&quot;link_to&quot;:&quot;file&quot;,&quot;aspect_ratio&quot;:&quot;3:2&quot;,&quot;overlay_background&quot;:&quot;yes&quot;,&quot;content_hover_animation&quot;:&quot;fade-in&quot;}\" data-widget_type=\"gallery.default\">\n\t\t\t\t<div class=\"elementor-widget-container\">\n\t\t\t\t\t\t\t<div class=\"elementor-gallery__container\">\n\t\t\t\t\t\t\t<a class=\"e-gallery-item elementor-gallery-item elementor-animated-content\" href=\"https:\/\/urbamonde.org\/wp-content\/uploads\/2025\/09\/Copy-of-517883808_2576720182661764_4950796313292607641_n-1.jpg\" data-elementor-open-lightbox=\"yes\" data-elementor-lightbox-slideshow=\"f6cc694\" data-elementor-lightbox-title=\"Youth Saving groups in Mindanao, Philippines Youth\" data-elementor-lightbox-description=\"Youth Saving groups in Mindanao, Philippines Youth\" data-e-action-hash=\"#elementor-action%3Aaction%3Dlightbox%26settings%3DeyJpZCI6NDMyMSwidXJsIjoiaHR0cHM6XC9cL3VyYmFtb25kZS5vcmdcL3dwLWNvbnRlbnRcL3VwbG9hZHNcLzIwMjVcLzA5XC9Db3B5LW9mLTUxNzg4MzgwOF8yNTc2NzIwMTgyNjYxNzY0XzQ5NTA3OTYzMTMyOTI2MDc2NDFfbi0xLmpwZyIsInNsaWRlc2hvdyI6ImY2Y2M2OTQifQ%3D%3D\">\n\t\t\t\t\t<div class=\"e-gallery-image elementor-gallery-item__image\" data-thumbnail=\"https:\/\/urbamonde.org\/wp-content\/uploads\/2025\/09\/Copy-of-517883808_2576720182661764_4950796313292607641_n-1-300x225.jpg\" data-width=\"300\" data-height=\"225\" aria-label=\"\" role=\"img\" ><\/div>\n\t\t\t\t\t\t\t\t\t\t\t<div class=\"elementor-gallery-item__overlay\"><\/div>\n\t\t\t\t\t\t\t\t\t\t\t\t\t\t<\/a>\n\t\t\t\t\t\t\t<a class=\"e-gallery-item elementor-gallery-item elementor-animated-content\" href=\"https:\/\/urbamonde.org\/wp-content\/uploads\/2025\/01\/1214_Indonesia_Fairpicture-02.jpg\" data-elementor-open-lightbox=\"yes\" data-elementor-lightbox-slideshow=\"f6cc694\" data-elementor-lightbox-title=\"Housing Cooperatives in Jakarta through Urban Poor Consortium 2025\" data-elementor-lightbox-description=\"What used to be mostly one floor housings flat Kampung have now became vertical as we can see from Kampung Akuarium where there are multiple floors and blocks of buildings where residents live.\" data-e-action-hash=\"#elementor-action%3Aaction%3Dlightbox%26settings%3DeyJpZCI6NDU2OCwidXJsIjoiaHR0cHM6XC9cL3VyYmFtb25kZS5vcmdcL3dwLWNvbnRlbnRcL3VwbG9hZHNcLzIwMjVcLzAxXC8xMjE0X0luZG9uZXNpYV9GYWlycGljdHVyZS0wMi5qcGciLCJzbGlkZXNob3ciOiJmNmNjNjk0In0%3D\">\n\t\t\t\t\t<div class=\"e-gallery-image elementor-gallery-item__image\" data-thumbnail=\"https:\/\/urbamonde.org\/wp-content\/uploads\/2025\/01\/1214_Indonesia_Fairpicture-02-300x225.jpg\" data-width=\"300\" data-height=\"225\" aria-label=\"\" role=\"img\" ><\/div>\n\t\t\t\t\t\t\t\t\t\t\t<div class=\"elementor-gallery-item__overlay\"><\/div>\n\t\t\t\t\t\t\t\t\t\t\t\t\t\t<\/a>\n\t\t\t\t\t\t\t<a class=\"e-gallery-item elementor-gallery-item elementor-animated-content\" href=\"https:\/\/urbamonde.org\/wp-content\/uploads\/2025\/01\/AllAttendees_449716447_122112978746349084_2431745040221779160_n.jpg\" data-elementor-open-lightbox=\"yes\" data-elementor-lightbox-slideshow=\"f6cc694\" data-elementor-lightbox-title=\"ACHR Regional Meeting 2024\" data-elementor-lightbox-description=\"Regional meeting on collaborative housing in Bangkok 2024\" data-e-action-hash=\"#elementor-action%3Aaction%3Dlightbox%26settings%3DeyJpZCI6NDU4NSwidXJsIjoiaHR0cHM6XC9cL3VyYmFtb25kZS5vcmdcL3dwLWNvbnRlbnRcL3VwbG9hZHNcLzIwMjVcLzAxXC9BbGxBdHRlbmRlZXNfNDQ5NzE2NDQ3XzEyMjExMjk3ODc0NjM0OTA4NF8yNDMxNzQ1MDQwMjIxNzc5MTYwX24uanBnIiwic2xpZGVzaG93IjoiZjZjYzY5NCJ9\">\n\t\t\t\t\t<div class=\"e-gallery-image elementor-gallery-item__image\" data-thumbnail=\"https:\/\/urbamonde.org\/wp-content\/uploads\/2025\/01\/AllAttendees_449716447_122112978746349084_2431745040221779160_n-300x200.jpg\" data-width=\"300\" data-height=\"200\" aria-label=\"\" role=\"img\" ><\/div>\n\t\t\t\t\t\t\t\t\t\t\t<div class=\"elementor-gallery-item__overlay\"><\/div>\n\t\t\t\t\t\t\t\t\t\t\t\t\t\t<\/a>\n\t\t\t\t\t\t\t<a class=\"e-gallery-item elementor-gallery-item elementor-animated-content\" href=\"https:\/\/urbamonde.org\/wp-content\/uploads\/2025\/01\/Jhenaidah-Co.Create.Architects_5.jpg\" data-elementor-open-lightbox=\"yes\" data-elementor-lightbox-slideshow=\"f6cc694\" data-elementor-lightbox-title=\"Jhenaidah Workshop\" data-elementor-lightbox-description=\"Co-creation collaborative workshop in Jhenaidah, Bangladesh\" data-e-action-hash=\"#elementor-action%3Aaction%3Dlightbox%26settings%3DeyJpZCI6NDU4MywidXJsIjoiaHR0cHM6XC9cL3VyYmFtb25kZS5vcmdcL3dwLWNvbnRlbnRcL3VwbG9hZHNcLzIwMjVcLzAxXC9KaGVuYWlkYWgtQ28uQ3JlYXRlLkFyY2hpdGVjdHNfNS5qcGciLCJzbGlkZXNob3ciOiJmNmNjNjk0In0%3D\">\n\t\t\t\t\t<div class=\"e-gallery-image elementor-gallery-item__image\" data-thumbnail=\"https:\/\/urbamonde.org\/wp-content\/uploads\/2025\/01\/Jhenaidah-Co.Create.Architects_5-300x200.jpg\" data-width=\"300\" data-height=\"200\" aria-label=\"\" role=\"img\" ><\/div>\n\t\t\t\t\t\t\t\t\t\t\t<div class=\"elementor-gallery-item__overlay\"><\/div>\n\t\t\t\t\t\t\t\t\t\t\t\t\t\t<\/a>\n\t\t\t\t\t\t\t<a class=\"e-gallery-item elementor-gallery-item elementor-animated-content\" href=\"https:\/\/urbamonde.org\/wp-content\/uploads\/2025\/01\/Exemple-Maison-UM-APPEL-AUX-DONS-Nica-2025-1.jpg\" data-elementor-open-lightbox=\"yes\" data-elementor-lightbox-slideshow=\"f6cc694\" data-elementor-lightbox-title=\"Exemple Maison Nicaragua 2025\" data-elementor-lightbox-description=\"Example of a house built with the help of mutual aid cooperatives - Matagalpa, Nicaragua - 2025\" data-e-action-hash=\"#elementor-action%3Aaction%3Dlightbox%26settings%3DeyJpZCI6NDU4MiwidXJsIjoiaHR0cHM6XC9cL3VyYmFtb25kZS5vcmdcL3dwLWNvbnRlbnRcL3VwbG9hZHNcLzIwMjVcLzAxXC9FeGVtcGxlLU1haXNvbi1VTS1BUFBFTC1BVVgtRE9OUy1OaWNhLTIwMjUtMS5qcGciLCJzbGlkZXNob3ciOiJmNmNjNjk0In0%3D\">\n\t\t\t\t\t<div class=\"e-gallery-image elementor-gallery-item__image\" data-thumbnail=\"https:\/\/urbamonde.org\/wp-content\/uploads\/2025\/01\/Exemple-Maison-UM-APPEL-AUX-DONS-Nica-2025-1-300x213.jpg\" data-width=\"300\" data-height=\"213\" aria-label=\"\" role=\"img\" ><\/div>\n\t\t\t\t\t\t\t\t\t\t\t<div class=\"elementor-gallery-item__overlay\"><\/div>\n\t\t\t\t\t\t\t\t\t\t\t\t\t\t<\/a>\n\t\t\t\t\t\t\t<a class=\"e-gallery-item elementor-gallery-item elementor-animated-content\" href=\"https:\/\/urbamonde.org\/wp-content\/uploads\/2025\/01\/Journee-de-consultations-sur-la-Cite-FSH-18-1-scaled.jpg\" data-elementor-open-lightbox=\"yes\" data-elementor-lightbox-slideshow=\"f6cc694\" data-elementor-lightbox-title=\"Journe\u0301e de consultations sur la Cite\u0301 FSH\" data-elementor-lightbox-description=\"Consultation Day on the FSH City - March 2022\" data-e-action-hash=\"#elementor-action%3Aaction%3Dlightbox%26settings%3DeyJpZCI6NDU4MSwidXJsIjoiaHR0cHM6XC9cL3VyYmFtb25kZS5vcmdcL3dwLWNvbnRlbnRcL3VwbG9hZHNcLzIwMjVcLzAxXC9Kb3VybmVlLWRlLWNvbnN1bHRhdGlvbnMtc3VyLWxhLUNpdGUtRlNILTE4LTEtc2NhbGVkLmpwZyIsInNsaWRlc2hvdyI6ImY2Y2M2OTQifQ%3D%3D\">\n\t\t\t\t\t<div class=\"e-gallery-image elementor-gallery-item__image\" data-thumbnail=\"https:\/\/urbamonde.org\/wp-content\/uploads\/2025\/01\/Journee-de-consultations-sur-la-Cite-FSH-18-1-300x200.jpg\" data-width=\"300\" data-height=\"200\" aria-label=\"\" role=\"img\" ><\/div>\n\t\t\t\t\t\t\t\t\t\t\t<div class=\"elementor-gallery-item__overlay\"><\/div>\n\t\t\t\t\t\t\t\t\t\t\t\t\t\t<\/a>\n\t\t\t\t\t\t\t<a class=\"e-gallery-item elementor-gallery-item elementor-animated-content\" href=\"https:\/\/urbamonde.org\/wp-content\/uploads\/2025\/01\/IMG_7804-1-scaled.jpg\" data-elementor-open-lightbox=\"yes\" data-elementor-lightbox-slideshow=\"f6cc694\" data-elementor-lightbox-title=\"Cit\u00e9 FSH\" data-elementor-lightbox-description=\"Prototype house made of BTC bricks, Cit\u00e9 FSH, Dakar, Senegal 2025\" data-e-action-hash=\"#elementor-action%3Aaction%3Dlightbox%26settings%3DeyJpZCI6NDU5MiwidXJsIjoiaHR0cHM6XC9cL3VyYmFtb25kZS5vcmdcL3dwLWNvbnRlbnRcL3VwbG9hZHNcLzIwMjVcLzAxXC9JTUdfNzgwNC0xLXNjYWxlZC5qcGciLCJzbGlkZXNob3ciOiJmNmNjNjk0In0%3D\">\n\t\t\t\t\t<div class=\"e-gallery-image elementor-gallery-item__image\" data-thumbnail=\"https:\/\/urbamonde.org\/wp-content\/uploads\/2025\/01\/IMG_7804-1-225x300.jpg\" data-width=\"225\" data-height=\"300\" aria-label=\"Briques en BTC en premier plan, maison en briques BTC en deuxi\u00e8me plan, Dakar, S\u00e9n\u00e9gal\" role=\"img\" ><\/div>\n\t\t\t\t\t\t\t\t\t\t\t<div class=\"elementor-gallery-item__overlay\"><\/div>\n\t\t\t\t\t\t\t\t\t\t\t\t\t\t<\/a>\n\t\t\t\t\t\t\t<a class=\"e-gallery-item elementor-gallery-item elementor-animated-content\" href=\"https:\/\/urbamonde.org\/wp-content\/uploads\/2025\/01\/WhatsApp-Image-2024-11-24-Terra-Prometida-5-1.jpeg\" data-elementor-open-lightbox=\"yes\" data-elementor-lightbox-slideshow=\"f6cc694\" data-elementor-lightbox-title=\"Br\u00e9sil 2024-11-24 Terra Prometida 5\" data-elementor-lightbox-description=\"Affective mapping, Terra Promitida, Brazil 2024\" data-e-action-hash=\"#elementor-action%3Aaction%3Dlightbox%26settings%3DeyJpZCI6NDU5MywidXJsIjoiaHR0cHM6XC9cL3VyYmFtb25kZS5vcmdcL3dwLWNvbnRlbnRcL3VwbG9hZHNcLzIwMjVcLzAxXC9XaGF0c0FwcC1JbWFnZS0yMDI0LTExLTI0LVRlcnJhLVByb21ldGlkYS01LTEuanBlZyIsInNsaWRlc2hvdyI6ImY2Y2M2OTQifQ%3D%3D\">\n\t\t\t\t\t<div class=\"e-gallery-image elementor-gallery-item__image\" data-thumbnail=\"https:\/\/urbamonde.org\/wp-content\/uploads\/2025\/01\/WhatsApp-Image-2024-11-24-Terra-Prometida-5-1-225x300.jpeg\" data-width=\"225\" data-height=\"300\" aria-label=\"\" role=\"img\" ><\/div>\n\t\t\t\t\t\t\t\t\t\t\t<div class=\"elementor-gallery-item__overlay\"><\/div>\n\t\t\t\t\t\t\t\t\t\t\t\t\t\t<\/a>\n\t\t\t\t\t<\/div>\n\t\t\t\t\t<\/div>\n\t\t\t\t<\/div>\n\t\t\t\t\t<\/div>\n\t\t\t\t<\/div>\n\t\t\t\t<\/div>","protected":false},"excerpt":{"rendered":"<p>At urbaMonde, we support the movement for sustainable community-led housing Thanks to your donations, we can strengthen this movement through international cooperation and the sharing of experiences and resources. Thank you! Secured donation by RaiseNow Donate in EURO here IBAN: CH53 0900 0000 1245 0266 9PostFinance LtdMingerstrasse 203030 Bern, Switzerland BANK CODE (BIC\/SWIFT): POFICHBEXXX urbaMonde [&hellip;]<\/p>","protected":false},"author":4,"featured_media":0,"parent":0,"menu_order":0,"comment_status":"closed","ping_status":"closed","template":"elementor_header_footer","meta":{"footnotes":""},"class_list":["post-4560","page","type-page","status-publish","hentry"],"acf":[],"yoast_head":"<!-- This site is optimized with the Yoast SEO plugin v27.2 - https:\/\/yoast.com\/product\/yoast-seo-wordpress\/ -->\n<title>Donate to urbaMonde Switzerland - urbaMonde<\/title>\n<meta name=\"robots\" content=\"index, follow, max-snippet:-1, max-image-preview:large, max-video-preview:-1\" \/>\n<link rel=\"canonical\" href=\"https:\/\/urbamonde.org\/en\/donate-to-urbamonde-switzerland\/\" \/>\n<meta property=\"og:locale\" content=\"en_US\" \/>\n<meta property=\"og:type\" content=\"article\" \/>\n<meta property=\"og:title\" content=\"Donate to urbaMonde Switzerland - urbaMonde\" \/>\n<meta property=\"og:description\" content=\"At urbaMonde, we support the movement for sustainable community-led housing Thanks to your donations, we can strengthen this movement through international cooperation and the sharing of experiences and resources. Thank you! Secured donation by RaiseNow Donate in EURO here IBAN: CH53 0900 0000 1245 0266 9PostFinance LtdMingerstrasse 203030 Bern, Switzerland BANK CODE (BIC\/SWIFT): POFICHBEXXX urbaMonde [&hellip;]\" \/>\n<meta property=\"og:url\" content=\"https:\/\/urbamonde.org\/en\/donate-to-urbamonde-switzerland\/\" \/>\n<meta property=\"og:site_name\" content=\"urbaMonde\" \/>\n<meta property=\"article:publisher\" content=\"https:\/\/www.facebook.com\/urbaMonde\/\" \/>\n<meta property=\"og:image\" content=\"https:\/\/urbamonde.org\/wp-content\/uploads\/2025\/12\/QRcode-UM-CH-BVR-dons-150x150.png\" \/>\n<meta name=\"twitter:card\" content=\"summary_large_image\" \/>\n<script type=\"application\/ld+json\" class=\"yoast-schema-graph\">{\"@context\":\"https:\/\/schema.org\",\"@graph\":[{\"@type\":\"WebPage\",\"@id\":\"https:\/\/urbamonde.org\/en\/donate-to-urbamonde-switzerland\/\",\"url\":\"https:\/\/urbamonde.org\/en\/donate-to-urbamonde-switzerland\/\",\"name\":\"Donate to urbaMonde Switzerland - urbaMonde\",\"isPartOf\":{\"@id\":\"https:\/\/urbamonde.org\/en\/#website\"},\"primaryImageOfPage\":{\"@id\":\"https:\/\/urbamonde.org\/en\/donate-to-urbamonde-switzerland\/#primaryimage\"},\"image\":{\"@id\":\"https:\/\/urbamonde.org\/en\/donate-to-urbamonde-switzerland\/#primaryimage\"},\"thumbnailUrl\":\"https:\/\/urbamonde.org\/wp-content\/uploads\/2025\/12\/QRcode-UM-CH-BVR-dons-150x150.png\",\"datePublished\":\"2025-12-11T13:20:11+00:00\",\"breadcrumb\":{\"@id\":\"https:\/\/urbamonde.org\/en\/donate-to-urbamonde-switzerland\/#breadcrumb\"},\"inLanguage\":\"en-US\",\"potentialAction\":[{\"@type\":\"ReadAction\",\"target\":[\"https:\/\/urbamonde.org\/en\/donate-to-urbamonde-switzerland\/\"]}]},{\"@type\":\"ImageObject\",\"inLanguage\":\"en-US\",\"@id\":\"https:\/\/urbamonde.org\/en\/donate-to-urbamonde-switzerland\/#primaryimage\",\"url\":\"https:\/\/urbamonde.org\/wp-content\/uploads\/2025\/12\/QRcode-UM-CH-BVR-dons-150x150.png\",\"contentUrl\":\"https:\/\/urbamonde.org\/wp-content\/uploads\/2025\/12\/QRcode-UM-CH-BVR-dons-150x150.png\"},{\"@type\":\"BreadcrumbList\",\"@id\":\"https:\/\/urbamonde.org\/en\/donate-to-urbamonde-switzerland\/#breadcrumb\",\"itemListElement\":[{\"@type\":\"ListItem\",\"position\":1,\"name\":\"Accueil\",\"item\":\"https:\/\/urbamonde.org\/en\/\"},{\"@type\":\"ListItem\",\"position\":2,\"name\":\"Donate to urbaMonde Switzerland\"}]},{\"@type\":\"WebSite\",\"@id\":\"https:\/\/urbamonde.org\/en\/#website\",\"url\":\"https:\/\/urbamonde.org\/en\/\",\"name\":\"urbaMonde\",\"description\":\"des villes durables par et pour les habitant\u00b7es\",\"publisher\":{\"@id\":\"https:\/\/urbamonde.org\/en\/#organization\"},\"potentialAction\":[{\"@type\":\"SearchAction\",\"target\":{\"@type\":\"EntryPoint\",\"urlTemplate\":\"https:\/\/urbamonde.org\/en\/?s={search_term_string}\"},\"query-input\":{\"@type\":\"PropertyValueSpecification\",\"valueRequired\":true,\"valueName\":\"search_term_string\"}}],\"inLanguage\":\"en-US\"},{\"@type\":\"Organization\",\"@id\":\"https:\/\/urbamonde.org\/en\/#organization\",\"name\":\"urbaMonde\",\"url\":\"https:\/\/urbamonde.org\/en\/\",\"logo\":{\"@type\":\"ImageObject\",\"inLanguage\":\"en-US\",\"@id\":\"https:\/\/urbamonde.org\/en\/#\/schema\/logo\/image\/\",\"url\":\"https:\/\/urbamonde.org\/wp-content\/uploads\/2024\/10\/logo-urbamonde-fr.png\",\"contentUrl\":\"https:\/\/urbamonde.org\/wp-content\/uploads\/2024\/10\/logo-urbamonde-fr.png\",\"width\":271,\"height\":65,\"caption\":\"urbaMonde\"},\"image\":{\"@id\":\"https:\/\/urbamonde.org\/en\/#\/schema\/logo\/image\/\"},\"sameAs\":[\"https:\/\/www.facebook.com\/urbaMonde\/\",\"https:\/\/www.linkedin.com\/company\/urbamonde\",\"https:\/\/www.instagram.com\/urba.monde\/\"]}]}<\/script>\n<!-- \/ Yoast SEO plugin. -->","yoast_head_json":{"title":"Donate to urbaMonde Switzerland - urbaMonde","robots":{"index":"index","follow":"follow","max-snippet":"max-snippet:-1","max-image-preview":"max-image-preview:large","max-video-preview":"max-video-preview:-1"},"canonical":"https:\/\/urbamonde.org\/en\/donate-to-urbamonde-switzerland\/","og_locale":"en_US","og_type":"article","og_title":"Donate to urbaMonde Switzerland - urbaMonde","og_description":"At urbaMonde, we support the movement for sustainable community-led housing Thanks to your donations, we can strengthen this movement through international cooperation and the sharing of experiences and resources. Thank you! Secured donation by RaiseNow Donate in EURO here IBAN: CH53 0900 0000 1245 0266 9PostFinance LtdMingerstrasse 203030 Bern, Switzerland BANK CODE (BIC\/SWIFT): POFICHBEXXX urbaMonde [&hellip;]","og_url":"https:\/\/urbamonde.org\/en\/donate-to-urbamonde-switzerland\/","og_site_name":"urbaMonde","article_publisher":"https:\/\/www.facebook.com\/urbaMonde\/","og_image":[{"url":"https:\/\/urbamonde.org\/wp-content\/uploads\/2025\/12\/QRcode-UM-CH-BVR-dons-150x150.png","type":"","width":"","height":""}],"twitter_card":"summary_large_image","schema":{"@context":"https:\/\/schema.org","@graph":[{"@type":"WebPage","@id":"https:\/\/urbamonde.org\/en\/donate-to-urbamonde-switzerland\/","url":"https:\/\/urbamonde.org\/en\/donate-to-urbamonde-switzerland\/","name":"Donate to urbaMonde Switzerland - urbaMonde","isPartOf":{"@id":"https:\/\/urbamonde.org\/en\/#website"},"primaryImageOfPage":{"@id":"https:\/\/urbamonde.org\/en\/donate-to-urbamonde-switzerland\/#primaryimage"},"image":{"@id":"https:\/\/urbamonde.org\/en\/donate-to-urbamonde-switzerland\/#primaryimage"},"thumbnailUrl":"https:\/\/urbamonde.org\/wp-content\/uploads\/2025\/12\/QRcode-UM-CH-BVR-dons-150x150.png","datePublished":"2025-12-11T13:20:11+00:00","breadcrumb":{"@id":"https:\/\/urbamonde.org\/en\/donate-to-urbamonde-switzerland\/#breadcrumb"},"inLanguage":"en-US","potentialAction":[{"@type":"ReadAction","target":["https:\/\/urbamonde.org\/en\/donate-to-urbamonde-switzerland\/"]}]},{"@type":"ImageObject","inLanguage":"en-US","@id":"https:\/\/urbamonde.org\/en\/donate-to-urbamonde-switzerland\/#primaryimage","url":"https:\/\/urbamonde.org\/wp-content\/uploads\/2025\/12\/QRcode-UM-CH-BVR-dons-150x150.png","contentUrl":"https:\/\/urbamonde.org\/wp-content\/uploads\/2025\/12\/QRcode-UM-CH-BVR-dons-150x150.png"},{"@type":"BreadcrumbList","@id":"https:\/\/urbamonde.org\/en\/donate-to-urbamonde-switzerland\/#breadcrumb","itemListElement":[{"@type":"ListItem","position":1,"name":"Accueil","item":"https:\/\/urbamonde.org\/en\/"},{"@type":"ListItem","position":2,"name":"Donate to urbaMonde Switzerland"}]},{"@type":"WebSite","@id":"https:\/\/urbamonde.org\/en\/#website","url":"https:\/\/urbamonde.org\/en\/","name":"urbaMonde","description":"des villes durables par et pour les habitant\u00b7es","publisher":{"@id":"https:\/\/urbamonde.org\/en\/#organization"},"potentialAction":[{"@type":"SearchAction","target":{"@type":"EntryPoint","urlTemplate":"https:\/\/urbamonde.org\/en\/?s={search_term_string}"},"query-input":{"@type":"PropertyValueSpecification","valueRequired":true,"valueName":"search_term_string"}}],"inLanguage":"en-US"},{"@type":"Organization","@id":"https:\/\/urbamonde.org\/en\/#organization","name":"urbaMonde","url":"https:\/\/urbamonde.org\/en\/","logo":{"@type":"ImageObject","inLanguage":"en-US","@id":"https:\/\/urbamonde.org\/en\/#\/schema\/logo\/image\/","url":"https:\/\/urbamonde.org\/wp-content\/uploads\/2024\/10\/logo-urbamonde-fr.png","contentUrl":"https:\/\/urbamonde.org\/wp-content\/uploads\/2024\/10\/logo-urbamonde-fr.png","width":271,"height":65,"caption":"urbaMonde"},"image":{"@id":"https:\/\/urbamonde.org\/en\/#\/schema\/logo\/image\/"},"sameAs":["https:\/\/www.facebook.com\/urbaMonde\/","https:\/\/www.linkedin.com\/company\/urbamonde","https:\/\/www.instagram.com\/urba.monde\/"]}]}},"_links":{"self":[{"href":"https:\/\/urbamonde.org\/en\/wp-json\/wp\/v2\/pages\/4560","targetHints":{"allow":["GET"]}}],"collection":[{"href":"https:\/\/urbamonde.org\/en\/wp-json\/wp\/v2\/pages"}],"about":[{"href":"https:\/\/urbamonde.org\/en\/wp-json\/wp\/v2\/types\/page"}],"author":[{"embeddable":true,"href":"https:\/\/urbamonde.org\/en\/wp-json\/wp\/v2\/users\/4"}],"replies":[{"embeddable":true,"href":"https:\/\/urbamonde.org\/en\/wp-json\/wp\/v2\/comments?post=4560"}],"version-history":[{"count":28,"href":"https:\/\/urbamonde.org\/en\/wp-json\/wp\/v2\/pages\/4560\/revisions"}],"predecessor-version":[{"id":4605,"href":"https:\/\/urbamonde.org\/en\/wp-json\/wp\/v2\/pages\/4560\/revisions\/4605"}],"wp:attachment":[{"href":"https:\/\/urbamonde.org\/en\/wp-json\/wp\/v2\/media?parent=4560"}],"curies":[{"name":"wp","href":"https:\/\/api.w.org\/{rel}","templated":true}]}}